{"id":38,"date":"2024-11-26T10:45:11","date_gmt":"2024-11-26T10:45:11","guid":{"rendered":"https:\/\/kilos.to\/?page_id=38"},"modified":"2026-03-20T13:19:37","modified_gmt":"2026-03-20T13:19:37","slug":"home","status":"publish","type":"page","link":"https:\/\/kilos.to\/de\/","title":{"rendered":"Startseite"},"content":{"rendered":"<div class=\"wp-block-columns is-layout-flex wp-container-core-columns-is-layout-9d6595d7 wp-block-columns-is-layout-flex\">\n<div class=\"wp-block-column is-content-justification-center is-layout-constrained wp-block-column-is-layout-constrained\">\n<p class=\"has-text-align-left has-medium-font-size\">Willkommen bei Kilos.to, Ihrem All-in-One-Umrechner f\u00fcr Gewicht und Volumen. Egal, ob Sie Kilogramm in Pfund, Gallonen in Liter oder irgendeine andere Einheit dazwischen umrechnen m\u00fcssen, unser intuitives Tool hat alles, was Sie brauchen. Wechseln Sie m\u00fchelos zwischen Gewichts- und Volumenumrechnungen mit nur einem Klick. Kilos.to wurde f\u00fcr Genauigkeit und Einfachheit entwickelt und macht alle Ihre Messungsumrechnungen schnell, nahtlos und m\u00fchelos. Beginnen Sie jetzt mit der Umrechnung und genie\u00dfen Sie Pr\u00e4zision wie nie zuvor!<\/p>\n\n\n\n<div style=\"height:28px\" aria-hidden=\"true\" class=\"wp-block-spacer\"><\/div>\n\n\n\n<div class=\"wp-block-columns is-layout-flex wp-container-core-columns-is-layout-9d6595d7 wp-block-columns-is-layout-flex\">\n<div class=\"wp-block-column is-layout-flow wp-block-column-is-layout-flow\">\n<h4 class=\"wp-block-heading has-text-align-center\">Weight converter<\/h4>\n\n\n<div class=\"converter-box\" data-from=\"kg\" data-to=\"lbs\" data-factor=\"2.20462\"><div class=\"converter-head\">\u2696\ufe0f Gewichtskonverter<\/div><div class=\"converter-inner\"><div class=\"conv-row\"><div class=\"field\"><select class=\"kto-from-sel\" onchange=\"ktoUnitChange(this.closest('.converter-box'))\"><option value=\"kg\" selected='selected'>Kilogramm (kg)<\/option><option value=\"g\">Gramm (g)<\/option><option value=\"lbs\">Pfund (lbs)<\/option><option value=\"oz\">Unze (oz)<\/option><option value=\"mg\">Milligramm (mg)<\/option><\/select><input type=\"number\" class=\"kto-from-inp\" value=\"1\" step=\"any\" oninput=\"ktoLive(this)\"\/><\/div><button class=\"swap-btn\" onclick=\"ktoSwap(this)\" title=\"Tauschen Sie\">\u21c4<\/button><div class=\"field\"><select class=\"kto-to-sel\" onchange=\"ktoUnitChange(this.closest('.converter-box'))\"><option value=\"kg\">Kilogramm (kg)<\/option><option value=\"g\">Gramm (g)<\/option><option value=\"lbs\" selected='selected'>Pfund (lbs)<\/option><option value=\"oz\">Unze (oz)<\/option><option value=\"mg\">Milligramm (mg)<\/option><\/select><input type=\"number\" class=\"kto-to-inp\" value=\"2.20462\" step=\"any\"\/><\/div><\/div><button class=\"conv-btn\" onclick=\"ktoConvert(this)\">Konvertieren<\/button><div class=\"conv-result\" style=\"display:none\"><div class=\"conv-result-main\"><\/div><div class=\"conv-result-sub\">Factor: 1 kg = 2.20462 lbs<\/div><\/div><\/div><\/div>\n<\/div>\n\n\n\n<div class=\"wp-block-column is-layout-flow wp-block-column-is-layout-flow\">\n<h4 class=\"wp-block-heading has-text-align-center\">Volume converter<\/h4>\n\n\n<div class=\"converter-box\" data-from=\"L\" data-to=\"mL\" data-factor=\"1000\"><div class=\"converter-head\">\ud83e\uddf8 Volumen-Konverter<\/div><div class=\"converter-inner\"><div class=\"conv-row\"><div class=\"field\"><select class=\"kto-from-sel\" onchange=\"ktoUnitChange(this.closest('.converter-box'))\"><option value=\"L\" selected='selected'>Liter (L)<\/option><option value=\"mL\">Milliliter (mL)<\/option><option value=\"pt\">Pint (pt)<\/option><option value=\"cup\">Becher (Tasse)<\/option><option value=\"tsp\">Teel\u00f6ffel (tsp)<\/option><option value=\"tbsp\">Essl\u00f6ffel (E\u00dfl\u00f6ffel)<\/option><option value=\"gal\">Gallone (gal)<\/option><\/select><input type=\"number\" class=\"kto-from-inp\" value=\"1\" step=\"any\" oninput=\"ktoLive(this)\"\/><\/div><button class=\"swap-btn\" onclick=\"ktoSwap(this)\" title=\"Tauschen Sie\">\u21c4<\/button><div class=\"field\"><select class=\"kto-to-sel\" onchange=\"ktoUnitChange(this.closest('.converter-box'))\"><option value=\"L\">Liter (L)<\/option><option value=\"mL\" selected='selected'>Milliliter (mL)<\/option><option value=\"pt\">Pint (pt)<\/option><option value=\"cup\">Becher (Tasse)<\/option><option value=\"tsp\">Teel\u00f6ffel (tsp)<\/option><option value=\"tbsp\">Essl\u00f6ffel (E\u00dfl\u00f6ffel)<\/option><option value=\"gal\">Gallone (gal)<\/option><\/select><input type=\"number\" class=\"kto-to-inp\" value=\"1000\" step=\"any\"\/><\/div><\/div><button class=\"conv-btn\" onclick=\"ktoConvert(this)\">Konvertieren<\/button><div class=\"conv-result\" style=\"display:none\"><div class=\"conv-result-main\"><\/div><div class=\"conv-result-sub\">Factor: 1 L = 1000 mL<\/div><\/div><\/div><\/div>\n<\/div>\n<\/div>\n<\/div>\n\n\n\n<div class=\"wp-block-column is-layout-flow wp-block-column-is-layout-flow\" style=\"flex-basis:3px\"><\/div>\n<\/div>\n\n\n\n<h2 class=\"wp-block-heading\" style=\"font-style:normal;font-weight:700;text-decoration:none\">Beliebte Umrechnungen<\/h2>\n\n\n\n<div class=\"wp-block-columns is-layout-flex wp-container-core-columns-is-layout-27d3582e wp-block-columns-is-layout-flex\">\n<div class=\"wp-block-column has-mercury-white-background-color has-background has-medium-font-size is-layout-flow wp-block-column-is-layout-flow\">\n<p class=\"has-text-align-center\"><br><a href=\"https:\/\/kilos.to\/kg-to-lbs\/\">1 kg bis lbs<\/a><br><br><a href=\"https:\/\/kilos.to\/cup-to-tbsp\/\">1 Tasse bis Essl\u00f6ffel<\/a><br><br><a href=\"https:\/\/kilos.to\/l-to-ml\/\">1 l bis ml<\/a><br><br><a href=\"https:\/\/kilos.to\/tsp-to-tbsp\/\">1 Teel\u00f6ffel bis Essl\u00f6ffel<\/a><br><br><a href=\"https:\/\/kilos.to\/mg-to-g\/\">1 mg bis g<\/a><\/p>\n<\/div>\n\n\n\n<div class=\"wp-block-column has-mercury-white-background-color has-background has-medium-font-size is-layout-flow wp-block-column-is-layout-flow\">\n<p class=\"has-text-align-center\"><br><a href=\"https:\/\/kilos.to\/cup-to-ml\/\">1 Tasse auf ml<\/a><br><br><a href=\"https:\/\/kilos.to\/tbsp-to-tsp\/\">1 Essl\u00f6ffel bis Teel\u00f6ffel<\/a><br><br><a href=\"https:\/\/kilos.to\/lbs-to-kg\/\">1 lbs bis kg<\/a><br><br><a href=\"https:\/\/kilos.to\/lbs-to-oz\">1 Pfund bis Unze<\/a><br><br><a href=\"https:\/\/kilos.to\/kg-to-oz\">1 kg bis Unze<\/a><br><\/p>\n<\/div>\n\n\n\n<div class=\"wp-block-column has-mercury-white-background-color has-background has-medium-font-size is-layout-flow wp-block-column-is-layout-flow\">\n<p class=\"has-text-align-center\"><br><a href=\"https:\/\/kilos.to\/tsp-to-ml\/\">1 Teel\u00f6ffel auf ml<\/a><br><br><a href=\"https:\/\/kilos.to\/tbsp-to-ml\">1 Essl\u00f6ffel auf ml<\/a><br><br><a href=\"https:\/\/kilos.to\/g-to-mg\">1 g bis mg<\/a><br><br><a href=\"https:\/\/kilos.to\/ml-to-l\">1 ml bis l<\/a><br><br><a href=\"https:\/\/kilos.to\/tbsp-to-cup\/\">1 Essl\u00f6ffel bis Tasse<\/a><br><\/p>\n<\/div>\n<\/div>\n\n\n\n<p><\/p>\n\n\n\n<p><\/p>\n\n\n\n<p><\/p>","protected":false},"excerpt":{"rendered":"<p>Welcome to Kilos.to, your all-in-one conversion companion for weight and volume. Whether you need to convert kilograms to pounds, gallons to liters, or any unit in between, our intuitive tool has got you covered. Effortlessly switch between weight and volume conversions with just a click. Designed for accuracy and ease, Kilos.to makes all your measurement [&hellip;]<\/p>\n","protected":false},"author":1,"featured_media":0,"parent":0,"menu_order":0,"comment_status":"closed","ping_status":"closed","template":"","meta":{"footnotes":""},"class_list":["post-38","page","type-page","status-publish","hentry"],"yoast_head":"<!-- This site is optimized with the Yoast SEO plugin v27.5 - https:\/\/yoast.com\/product\/yoast-seo-wordpress\/ -->\n<title>Convert between kg, Pfund, ml, oz, l, g, cup, tsp and tbsp - Kilos.in<\/title>\n<meta name=\"description\" content=\"Click here in convert Kilograms in Pfund (kg in Pfund). Check out Kilos.in for seamless and hassle-free conversions of other units.\" \/>\n<meta name=\"robots\" content=\"index, follow, max-snippet:-1, max-image-preview:large, max-video-preview:-1\" \/>\n<link rel=\"canonical\" href=\"https:\/\/kilos.to\/de\/\" \/>\n<meta property=\"og:locale\" content=\"de_DE\" \/>\n<meta property=\"og:type\" content=\"article\" \/>\n<meta property=\"og:title\" content=\"Convert between kg, Pfund, ml, oz, l, g, cup, tsp and tbsp - Kilos.in\" \/>\n<meta property=\"og:description\" content=\"Click here in convert Kilograms in Pfund (kg in Pfund). Check out Kilos.in for seamless and hassle-free conversions of other units.\" \/>\n<meta property=\"og:url\" content=\"https:\/\/kilos.to\/de\/\" \/>\n<meta property=\"og:site_name\" content=\"Kilos.to\" \/>\n<meta property=\"article:modified_time\" content=\"2026-03-20T13:19:37+00:00\" \/>\n<meta name=\"twitter:card\" content=\"summary_large_image\" \/>\n<meta name=\"twitter:label1\" content=\"Gesch\u00e4tzte Lesezeit\" \/>\n\t<meta name=\"twitter:data1\" content=\"1\u00a0Minute\" \/>\n<script type=\"application\/ld+json\" class=\"yoast-schema-graph\">{\"@context\":\"https:\\\/\\\/schema.org\",\"@graph\":[{\"@type\":\"WebPage\",\"@id\":\"https:\\\/\\\/kilos.to\\\/\",\"url\":\"https:\\\/\\\/kilos.to\\\/\",\"name\":\"Convert between kg, lbs, ml, oz, l, g, cup, tsp and tbsp - Kilos.to\",\"isPartOf\":{\"@id\":\"https:\\\/\\\/kilos.to\\\/#website\"},\"datePublished\":\"2024-11-26T10:45:11+00:00\",\"dateModified\":\"2026-03-20T13:19:37+00:00\",\"description\":\"Click here to convert Kilograms to Pounds (kg to lbs). Check out Kilos.to for seamless and hassle-free conversions of other units.\",\"breadcrumb\":{\"@id\":\"https:\\\/\\\/kilos.to\\\/#breadcrumb\"},\"inLanguage\":\"de\",\"potentialAction\":[{\"@type\":\"ReadAction\",\"target\":[\"https:\\\/\\\/kilos.to\\\/\"]}]},{\"@type\":\"BreadcrumbList\",\"@id\":\"https:\\\/\\\/kilos.to\\\/#breadcrumb\",\"itemListElement\":[{\"@type\":\"ListItem\",\"position\":1,\"name\":\"Home\",\"item\":\"https:\\\/\\\/kilos.to\\\/\"},{\"@type\":\"ListItem\",\"position\":2,\"name\":\"Home\"}]},{\"@type\":\"WebSite\",\"@id\":\"https:\\\/\\\/kilos.to\\\/#website\",\"url\":\"https:\\\/\\\/kilos.to\\\/\",\"name\":\"Kilos.to\",\"description\":\"\",\"publisher\":{\"@id\":\"https:\\\/\\\/kilos.to\\\/#organization\"},\"potentialAction\":[{\"@type\":\"SearchAction\",\"target\":{\"@type\":\"EntryPoint\",\"urlTemplate\":\"https:\\\/\\\/kilos.to\\\/?s={search_term_string}\"},\"query-input\":{\"@type\":\"PropertyValueSpecification\",\"valueRequired\":true,\"valueName\":\"search_term_string\"}}],\"inLanguage\":\"de\"},{\"@type\":\"Organization\",\"@id\":\"https:\\\/\\\/kilos.to\\\/#organization\",\"name\":\"Kilos.to\",\"url\":\"https:\\\/\\\/kilos.to\\\/\",\"logo\":{\"@type\":\"ImageObject\",\"inLanguage\":\"de\",\"@id\":\"https:\\\/\\\/kilos.to\\\/#\\\/schema\\\/logo\\\/image\\\/\",\"url\":\"https:\\\/\\\/kilos.to\\\/wp-content\\\/uploads\\\/2025\\\/06\\\/Logo.svg\",\"contentUrl\":\"https:\\\/\\\/kilos.to\\\/wp-content\\\/uploads\\\/2025\\\/06\\\/Logo.svg\",\"width\":174,\"height\":41,\"caption\":\"Kilos.to\"},\"image\":{\"@id\":\"https:\\\/\\\/kilos.to\\\/#\\\/schema\\\/logo\\\/image\\\/\"}}]}<\/script>\n<!-- \/ Yoast SEO plugin. -->","yoast_head_json":{"title":"Umrechnen zwischen kg, Pfund, ml, oz, l, g, cup, tsp und tbsp - Kilos.in","description":"Klicken Sie hier, um Kilogramm in Pfund (kg in Pfund) umzurechnen. Besuchen Sie Kilos.in f\u00fcr nahtlose und problemlose Umrechnungen anderer Einheiten.","robots":{"index":"index","follow":"follow","max-snippet":"max-snippet:-1","max-image-preview":"max-image-preview:large","max-video-preview":"max-video-preview:-1"},"canonical":"https:\/\/kilos.to\/de\/","og_locale":"de_DE","og_type":"article","og_title":"Convert between kg, Pfund, ml, oz, l, g, cup, tsp and tbsp - Kilos.in","og_description":"Click here in convert Kilograms in Pfund (kg in Pfund). Check out Kilos.in for seamless and hassle-free conversions of other units.","og_url":"https:\/\/kilos.to\/de\/","og_site_name":"Kilos.to","article_modified_time":"2026-03-20T13:19:37+00:00","twitter_card":"summary_large_image","twitter_misc":{"Gesch\u00e4tzte Lesezeit":"1\u00a0Minute"},"schema":{"@context":"https:\/\/schema.org","@graph":[{"@type":"WebPage","@id":"https:\/\/kilos.to\/","url":"https:\/\/kilos.to\/","name":"Umrechnung zwischen kg, lbs, ml, oz, l, g, Tasse, TL und EL \u2013 Kilos.to","isPartOf":{"@id":"https:\/\/kilos.to\/#website"},"datePublished":"2024-11-26T10:45:11+00:00","dateModified":"2026-03-20T13:19:37+00:00","description":"Klicken Sie hier, um Kilogramm in Pfund umzurechnen (kg in lbs). Auf Kilos.to finden Sie nahtlose und unkomplizierte Umrechnungen f\u00fcr weitere Einheiten.","breadcrumb":{"@id":"https:\/\/kilos.to\/#breadcrumb"},"inLanguage":"de","potentialAction":[{"@type":"ReadAction","target":["https:\/\/kilos.to\/"]}]},{"@type":"BreadcrumbList","@id":"https:\/\/kilos.to\/#breadcrumb","itemListElement":[{"@type":"ListItem","position":1,"name":"Home","item":"https:\/\/kilos.to\/"},{"@type":"ListItem","position":2,"name":"Home"}]},{"@type":"WebSite","@id":"https:\/\/kilos.to\/#website","url":"https:\/\/kilos.to\/","name":"Kilos.to","description":"","publisher":{"@id":"https:\/\/kilos.to\/#organization"},"potentialAction":[{"@type":"SearchAction","target":{"@type":"EntryPoint","urlTemplate":"https:\/\/kilos.to\/?s={search_term_string}"},"query-input":{"@type":"PropertyValueSpecification","valueRequired":true,"valueName":"search_term_string"}}],"inLanguage":"de"},{"@type":"Organization","@id":"https:\/\/kilos.to\/#organization","name":"Kilos.to","url":"https:\/\/kilos.to\/","logo":{"@type":"ImageObject","inLanguage":"de","@id":"https:\/\/kilos.to\/#\/schema\/logo\/image\/","url":"https:\/\/kilos.to\/wp-content\/uploads\/2025\/06\/Logo.svg","contentUrl":"https:\/\/kilos.to\/wp-content\/uploads\/2025\/06\/Logo.svg","width":174,"height":41,"caption":"Kilos.to"},"image":{"@id":"https:\/\/kilos.to\/#\/schema\/logo\/image\/"}}]}},"_links":{"self":[{"href":"https:\/\/kilos.to\/de\/wp-json\/wp\/v2\/pages\/38","targetHints":{"allow":["GET"]}}],"collection":[{"href":"https:\/\/kilos.to\/de\/wp-json\/wp\/v2\/pages"}],"about":[{"href":"https:\/\/kilos.to\/de\/wp-json\/wp\/v2\/types\/page"}],"author":[{"embeddable":true,"href":"https:\/\/kilos.to\/de\/wp-json\/wp\/v2\/users\/1"}],"replies":[{"embeddable":true,"href":"https:\/\/kilos.to\/de\/wp-json\/wp\/v2\/comments?post=38"}],"version-history":[{"count":5,"href":"https:\/\/kilos.to\/de\/wp-json\/wp\/v2\/pages\/38\/revisions"}],"predecessor-version":[{"id":9500,"href":"https:\/\/kilos.to\/de\/wp-json\/wp\/v2\/pages\/38\/revisions\/9500"}],"wp:attachment":[{"href":"https:\/\/kilos.to\/de\/wp-json\/wp\/v2\/media?parent=38"}],"curies":[{"name":"wp","href":"https:\/\/api.w.org\/{rel}","templated":true}]}}