{"id":48,"date":"2024-11-26T13:50:13","date_gmt":"2024-11-26T13:50:13","guid":{"rendered":"https:\/\/kilos.to\/?page_id=48"},"modified":"2025-01-20T13:58:33","modified_gmt":"2025-01-20T13:58:33","slug":"convert-from","status":"publish","type":"page","link":"https:\/\/kilos.to\/de\/convert-from\/","title":{"rendered":"Konvertieren von"},"content":{"rendered":"<p>Willkommen bei Kilos.to, Ihrem All-in-One-Umrechner f\u00fcr Gewicht und Volumen. Egal, ob Sie Kilogramm in Pfund, Liter in Gallonen oder irgendeine andere Einheit dazwischen umrechnen m\u00fcssen, unser intuitives Tool hat alles f\u00fcr Sie. Wechseln Sie m\u00fchelos zwischen Gewichts- und Volumenumrechnungen mit nur einem Klick. Kilos.to wurde f\u00fcr Genauigkeit und Einfachheit entwickelt und macht alle Ihre Messungsumrechnungen schnell, nahtlos und m\u00fchelos. Beginnen Sie jetzt mit der Umrechnung und genie\u00dfen Sie Pr\u00e4zision wie nie zuvor!<\/p>\n\n\n\n<div style=\"height:32px\" aria-hidden=\"true\" class=\"wp-block-spacer\"><\/div>\n\n\n\n<div class=\"wp-block-columns is-layout-flex wp-container-core-columns-is-layout-9d6595d7 wp-block-columns-is-layout-flex\">\n<div class=\"wp-block-column is-layout-flow wp-block-column-is-layout-flow\"><div class=\"converter-box\" data-from=\"kg\" data-to=\"lbs\" data-factor=\"2.20462\"><div class=\"converter-head\">\u2696\ufe0f Gewichtskonverter<\/div><div class=\"converter-inner\"><div class=\"conv-row\"><div class=\"field\"><select class=\"kto-from-sel\" onchange=\"ktoUnitChange(this.closest('.converter-box'))\"><option value=\"kg\" selected='selected'>Kilogramm (kg)<\/option><option value=\"g\">Gramm (g)<\/option><option value=\"lbs\">Pfund (lbs)<\/option><option value=\"oz\">Unze (oz)<\/option><option value=\"mg\">Milligramm (mg)<\/option><\/select><input type=\"number\" class=\"kto-from-inp\" value=\"1\" step=\"any\" oninput=\"ktoLive(this)\"\/><\/div><button class=\"swap-btn\" onclick=\"ktoSwap(this)\" title=\"Tauschen Sie\">\u21c4<\/button><div class=\"field\"><select class=\"kto-to-sel\" onchange=\"ktoUnitChange(this.closest('.converter-box'))\"><option value=\"kg\">Kilogramm (kg)<\/option><option value=\"g\">Gramm (g)<\/option><option value=\"lbs\" selected='selected'>Pfund (lbs)<\/option><option value=\"oz\">Unze (oz)<\/option><option value=\"mg\">Milligramm (mg)<\/option><\/select><input type=\"number\" class=\"kto-to-inp\" value=\"2.20462\" step=\"any\"\/><\/div><\/div><button class=\"conv-btn\" onclick=\"ktoConvert(this)\">Konvertieren<\/button><div class=\"conv-result\" style=\"display:none\"><div class=\"conv-result-main\"><\/div><div class=\"conv-result-sub\">Factor: 1 kg = 2.20462 lbs<\/div><\/div><\/div><\/div>\n<\/div>\n\n\n\n<div class=\"wp-block-column is-layout-flow wp-block-column-is-layout-flow\" style=\"flex-basis:6px\"><\/div>\n\n\n\n<div class=\"wp-block-column is-layout-flow wp-block-column-is-layout-flow\"><div class=\"converter-box\" data-from=\"L\" data-to=\"mL\" data-factor=\"1000\"><div class=\"converter-head\">\ud83e\uddf8 Volumen-Konverter<\/div><div class=\"converter-inner\"><div class=\"conv-row\"><div class=\"field\"><select class=\"kto-from-sel\" onchange=\"ktoUnitChange(this.closest('.converter-box'))\"><option value=\"L\" selected='selected'>Liter (L)<\/option><option value=\"mL\">Milliliter (mL)<\/option><option value=\"pt\">Pint (pt)<\/option><option value=\"cup\">Becher (Tasse)<\/option><option value=\"tsp\">Teel\u00f6ffel (tsp)<\/option><option value=\"tbsp\">Essl\u00f6ffel (E\u00dfl\u00f6ffel)<\/option><option value=\"gal\">Gallone (gal)<\/option><\/select><input type=\"number\" class=\"kto-from-inp\" value=\"1\" step=\"any\" oninput=\"ktoLive(this)\"\/><\/div><button class=\"swap-btn\" onclick=\"ktoSwap(this)\" title=\"Tauschen Sie\">\u21c4<\/button><div class=\"field\"><select class=\"kto-to-sel\" onchange=\"ktoUnitChange(this.closest('.converter-box'))\"><option value=\"L\">Liter (L)<\/option><option value=\"mL\" selected='selected'>Milliliter (mL)<\/option><option value=\"pt\">Pint (pt)<\/option><option value=\"cup\">Becher (Tasse)<\/option><option value=\"tsp\">Teel\u00f6ffel (tsp)<\/option><option value=\"tbsp\">Essl\u00f6ffel (E\u00dfl\u00f6ffel)<\/option><option value=\"gal\">Gallone (gal)<\/option><\/select><input type=\"number\" class=\"kto-to-inp\" value=\"1000\" step=\"any\"\/><\/div><\/div><button class=\"conv-btn\" onclick=\"ktoConvert(this)\">Konvertieren<\/button><div class=\"conv-result\" style=\"display:none\"><div class=\"conv-result-main\"><\/div><div class=\"conv-result-sub\">Factor: 1 L = 1000 mL<\/div><\/div><\/div><\/div>\n<\/div>\n<\/div>","protected":false},"excerpt":{"rendered":"<p>Welcome to Kilos.to, your all-in-one conversion companion for weight and volume. Whether you need to convert kilograms to pounds, liters to gallons, or any unit in between, our intuitive tool has got you covered. Effortlessly switch between weight and volume conversions with just a click. Designed for accuracy and ease, Kilos.to makes all your measurement [&hellip;]<\/p>\n","protected":false},"author":1,"featured_media":0,"parent":0,"menu_order":0,"comment_status":"closed","ping_status":"closed","template":"","meta":{"footnotes":""},"class_list":["post-48","page","type-page","status-publish","hentry"],"yoast_head":"<!-- This site is optimized with the Yoast SEO plugin v27.3 - https:\/\/yoast.com\/product\/yoast-seo-wordpress\/ -->\n<title>Convert from - Kilos.in<\/title>\n<meta name=\"robots\" content=\"index, follow, max-snippet:-1, max-image-preview:large, max-video-preview:-1\" \/>\n<link rel=\"canonical\" href=\"https:\/\/kilos.to\/de\/convert-from\/\" \/>\n<meta property=\"og:locale\" content=\"de_DE\" \/>\n<meta property=\"og:type\" content=\"article\" \/>\n<meta property=\"og:title\" content=\"Convert from - Kilos.in\" \/>\n<meta property=\"og:description\" content=\"Welcome in Kilos.in, your all-in-one conversion companion for weight and volume. Whether you need in convert kilograms in Pfund, liters in gallons, or any unit in between, our intuitive tool has got you covered. Effortlessly switch between weight and volume conversions with just a click. Designed for accuracy and ease, Kilos.in makes all your measurement [&hellip;]\" \/>\n<meta property=\"og:url\" content=\"https:\/\/kilos.to\/de\/convert-from\/\" \/>\n<meta property=\"og:site_name\" content=\"Kilos.to\" \/>\n<meta property=\"article:modified_time\" content=\"2025-01-20T13:58:33+00:00\" \/>\n<meta name=\"twitter:card\" content=\"summary_large_image\" \/>\n<meta name=\"twitter:label1\" content=\"Gesch\u00e4tzte Lesezeit\" \/>\n\t<meta name=\"twitter:data1\" content=\"1\u00a0Minute\" \/>\n<script type=\"application\/ld+json\" class=\"yoast-schema-graph\">{\"@context\":\"https:\\\/\\\/schema.org\",\"@graph\":[{\"@type\":\"WebPage\",\"@id\":\"https:\\\/\\\/kilos.to\\\/convert-from\\\/\",\"url\":\"https:\\\/\\\/kilos.to\\\/convert-from\\\/\",\"name\":\"Convert from - Kilos.to\",\"isPartOf\":{\"@id\":\"https:\\\/\\\/kilos.to\\\/#website\"},\"datePublished\":\"2024-11-26T13:50:13+00:00\",\"dateModified\":\"2025-01-20T13:58:33+00:00\",\"breadcrumb\":{\"@id\":\"https:\\\/\\\/kilos.to\\\/convert-from\\\/#breadcrumb\"},\"inLanguage\":\"de\",\"potentialAction\":[{\"@type\":\"ReadAction\",\"target\":[\"https:\\\/\\\/kilos.to\\\/convert-from\\\/\"]}]},{\"@type\":\"BreadcrumbList\",\"@id\":\"https:\\\/\\\/kilos.to\\\/convert-from\\\/#breadcrumb\",\"itemListElement\":[{\"@type\":\"ListItem\",\"position\":1,\"name\":\"Home\",\"item\":\"https:\\\/\\\/kilos.to\\\/\"},{\"@type\":\"ListItem\",\"position\":2,\"name\":\"Convert from\"}]},{\"@type\":\"WebSite\",\"@id\":\"https:\\\/\\\/kilos.to\\\/#website\",\"url\":\"https:\\\/\\\/kilos.to\\\/\",\"name\":\"Kilos.to\",\"description\":\"\",\"publisher\":{\"@id\":\"https:\\\/\\\/kilos.to\\\/#organization\"},\"potentialAction\":[{\"@type\":\"SearchAction\",\"target\":{\"@type\":\"EntryPoint\",\"urlTemplate\":\"https:\\\/\\\/kilos.to\\\/?s={search_term_string}\"},\"query-input\":{\"@type\":\"PropertyValueSpecification\",\"valueRequired\":true,\"valueName\":\"search_term_string\"}}],\"inLanguage\":\"de\"},{\"@type\":\"Organization\",\"@id\":\"https:\\\/\\\/kilos.to\\\/#organization\",\"name\":\"Kilos.to\",\"url\":\"https:\\\/\\\/kilos.to\\\/\",\"logo\":{\"@type\":\"ImageObject\",\"inLanguage\":\"de\",\"@id\":\"https:\\\/\\\/kilos.to\\\/#\\\/schema\\\/logo\\\/image\\\/\",\"url\":\"https:\\\/\\\/kilos.to\\\/wp-content\\\/uploads\\\/2025\\\/06\\\/Logo.svg\",\"contentUrl\":\"https:\\\/\\\/kilos.to\\\/wp-content\\\/uploads\\\/2025\\\/06\\\/Logo.svg\",\"width\":174,\"height\":41,\"caption\":\"Kilos.to\"},\"image\":{\"@id\":\"https:\\\/\\\/kilos.to\\\/#\\\/schema\\\/logo\\\/image\\\/\"}}]}<\/script>\n<!-- \/ Yoast SEO plugin. -->","yoast_head_json":{"title":"Convert from - Kilos.in","robots":{"index":"index","follow":"follow","max-snippet":"max-snippet:-1","max-image-preview":"max-image-preview:large","max-video-preview":"max-video-preview:-1"},"canonical":"https:\/\/kilos.to\/de\/convert-from\/","og_locale":"de_DE","og_type":"article","og_title":"Convert from - Kilos.in","og_description":"Welcome in Kilos.in, your all-in-one conversion companion for weight and volume. Whether you need in convert kilograms in Pfund, liters in gallons, or any unit in between, our intuitive tool has got you covered. Effortlessly switch between weight and volume conversions with just a click. Designed for accuracy and ease, Kilos.in makes all your measurement [&hellip;]","og_url":"https:\/\/kilos.to\/de\/convert-from\/","og_site_name":"Kilos.to","article_modified_time":"2025-01-20T13:58:33+00:00","twitter_card":"summary_large_image","twitter_misc":{"Gesch\u00e4tzte Lesezeit":"1\u00a0Minute"},"schema":{"@context":"https:\/\/schema.org","@graph":[{"@type":"WebPage","@id":"https:\/\/kilos.to\/convert-from\/","url":"https:\/\/kilos.to\/convert-from\/","name":"Convert from - Kilos.to","isPartOf":{"@id":"https:\/\/kilos.to\/#website"},"datePublished":"2024-11-26T13:50:13+00:00","dateModified":"2025-01-20T13:58:33+00:00","breadcrumb":{"@id":"https:\/\/kilos.to\/convert-from\/#breadcrumb"},"inLanguage":"de","potentialAction":[{"@type":"ReadAction","target":["https:\/\/kilos.to\/convert-from\/"]}]},{"@type":"BreadcrumbList","@id":"https:\/\/kilos.to\/convert-from\/#breadcrumb","itemListElement":[{"@type":"ListItem","position":1,"name":"Home","item":"https:\/\/kilos.to\/"},{"@type":"ListItem","position":2,"name":"Convert from"}]},{"@type":"WebSite","@id":"https:\/\/kilos.to\/#website","url":"https:\/\/kilos.to\/","name":"Kilos.to","description":"","publisher":{"@id":"https:\/\/kilos.to\/#organization"},"potentialAction":[{"@type":"SearchAction","target":{"@type":"EntryPoint","urlTemplate":"https:\/\/kilos.to\/?s={search_term_string}"},"query-input":{"@type":"PropertyValueSpecification","valueRequired":true,"valueName":"search_term_string"}}],"inLanguage":"de"},{"@type":"Organization","@id":"https:\/\/kilos.to\/#organization","name":"Kilos.to","url":"https:\/\/kilos.to\/","logo":{"@type":"ImageObject","inLanguage":"de","@id":"https:\/\/kilos.to\/#\/schema\/logo\/image\/","url":"https:\/\/kilos.to\/wp-content\/uploads\/2025\/06\/Logo.svg","contentUrl":"https:\/\/kilos.to\/wp-content\/uploads\/2025\/06\/Logo.svg","width":174,"height":41,"caption":"Kilos.to"},"image":{"@id":"https:\/\/kilos.to\/#\/schema\/logo\/image\/"}}]}},"_links":{"self":[{"href":"https:\/\/kilos.to\/de\/wp-json\/wp\/v2\/pages\/48","targetHints":{"allow":["GET"]}}],"collection":[{"href":"https:\/\/kilos.to\/de\/wp-json\/wp\/v2\/pages"}],"about":[{"href":"https:\/\/kilos.to\/de\/wp-json\/wp\/v2\/types\/page"}],"author":[{"embeddable":true,"href":"https:\/\/kilos.to\/de\/wp-json\/wp\/v2\/users\/1"}],"replies":[{"embeddable":true,"href":"https:\/\/kilos.to\/de\/wp-json\/wp\/v2\/comments?post=48"}],"version-history":[{"count":1,"href":"https:\/\/kilos.to\/de\/wp-json\/wp\/v2\/pages\/48\/revisions"}],"predecessor-version":[{"id":7051,"href":"https:\/\/kilos.to\/de\/wp-json\/wp\/v2\/pages\/48\/revisions\/7051"}],"wp:attachment":[{"href":"https:\/\/kilos.to\/de\/wp-json\/wp\/v2\/media?parent=48"}],"curies":[{"name":"wp","href":"https:\/\/api.w.org\/{rel}","templated":true}]}}