{"id":67,"date":"2024-11-26T15:08:49","date_gmt":"2024-11-26T15:08:49","guid":{"rendered":"https:\/\/kilos.to\/?page_id=67"},"modified":"2025-06-09T15:48:57","modified_gmt":"2025-06-09T15:48:57","slug":"about","status":"publish","type":"page","link":"https:\/\/kilos.to\/de\/about\/","title":{"rendered":"\u00dcber"},"content":{"rendered":"<p>Kilos.to wurde als umfassende L\u00f6sung f\u00fcr alle Ihre Bed\u00fcrfnisse bei der Umrechnung von Gewicht und Volumen konzipiert, inspiriert von der Einfachheit und Effektivit\u00e4t von Inches.to. Unser Ziel ist es, ein nahtloses und effizientes Werkzeug f\u00fcr die Umrechnung von Kilogramm, Liter und anderen Einheiten in ihre jeweiligen \u00c4quivalente, einschlie\u00dflich Pfund, Unzen, Gallonen, Milliliter und mehr, anzubieten.<\/p>\n\n\n\n<p>Wir wissen, wie wichtig pr\u00e4zise Messungen sowohl im privaten als auch im beruflichen Umfeld sind. Egal, ob Sie Rezepte verfolgen, wissenschaftliche Messungen verwalten oder t\u00e4gliche Aufgaben erledigen, Kilos.to sorgt daf\u00fcr, dass Ihr Umrechnungsprozess so einfach und genau wie m\u00f6glich ist.<\/p>\n\n\n\n<p>Unsere Plattform ist benutzerfreundlich gestaltet, so dass Sie mit minimalem Aufwand die gew\u00fcnschten Ergebnisse erzielen k\u00f6nnen. Wir arbeiten kontinuierlich daran, unseren Service zu verbessern, um sicherzustellen, dass kilos.to Ihre erste Anlaufstelle f\u00fcr alle Gewichts- und Volumenumrechnungen bleibt.<\/p>\n\n\n\n<p>In Dankbarkeit f\u00fcr <a href=\"http:\/\/inches.to\" target=\"_blank\" rel=\"noreferrer noopener\">Zoll.bis<\/a> f\u00fcr die Inspiration, laden wir Sie ein, auch deren Dienste zu erkunden. Gemeinsam wollen wir Messungen und Umrechnungen f\u00fcr jedermann zug\u00e4nglich und problemlos machen.<\/p>\n\n\n\n<p>Vielen Dank, dass Sie kilos.to f\u00fcr Ihren Umrechnungsbedarf gew\u00e4hlt haben. Wir sind bestrebt, Ihnen die besten Tools zur Verf\u00fcgung zu stellen, um Ihr Leben zu vereinfachen.<\/p>","protected":false},"excerpt":{"rendered":"<p>Kilos.to was conceived as a comprehensive solution for all your weight and volume conversion needs, inspired by the simplicity and effectiveness of Inches.to. Our mission is to provide a seamless and efficient tool for converting kilograms, liters, and other units to their respective equivalents, including pounds, ounces, gallons, milliliters, and more. We understand the importance [&hellip;]<\/p>\n","protected":false},"author":1,"featured_media":0,"parent":0,"menu_order":0,"comment_status":"closed","ping_status":"closed","template":"page-full-width.php","meta":{"footnotes":""},"class_list":["post-67","page","type-page","status-publish","hentry"],"yoast_head":"<!-- This site is optimized with the Yoast SEO plugin v27.3 - https:\/\/yoast.com\/product\/yoast-seo-wordpress\/ -->\n<title>About - Kilos.in<\/title>\n<meta name=\"robots\" content=\"index, follow, max-snippet:-1, max-image-preview:large, max-video-preview:-1\" \/>\n<link rel=\"canonical\" href=\"https:\/\/kilos.to\/de\/about\/\" \/>\n<meta property=\"og:locale\" content=\"de_DE\" \/>\n<meta property=\"og:type\" content=\"article\" \/>\n<meta property=\"og:title\" content=\"About - Kilos.in\" \/>\n<meta property=\"og:description\" content=\"Kilos.in was conceived as a comprehensive solution for all your weight and volume conversion needs, inspired by the simplicity and effectiveness of Inches.in. Our mission is in provide a seamless and efficient tool for converting kilograms, liters, and other units in their respective equivalents, including Pfund, ounces, gallons, milliliters, and more. We understand the importance [&hellip;]\" \/>\n<meta property=\"og:url\" content=\"https:\/\/kilos.to\/de\/about\/\" \/>\n<meta property=\"og:site_name\" content=\"Kilos.to\" \/>\n<meta property=\"article:modified_time\" content=\"2025-06-09T15:48:57+00:00\" \/>\n<meta name=\"twitter:card\" content=\"summary_large_image\" \/>\n<meta name=\"twitter:label1\" content=\"Gesch\u00e4tzte Lesezeit\" \/>\n\t<meta name=\"twitter:data1\" content=\"1\u00a0Minute\" \/>\n<script type=\"application\/ld+json\" class=\"yoast-schema-graph\">{\"@context\":\"https:\\\/\\\/schema.org\",\"@graph\":[{\"@type\":\"WebPage\",\"@id\":\"https:\\\/\\\/kilos.to\\\/about\\\/\",\"url\":\"https:\\\/\\\/kilos.to\\\/about\\\/\",\"name\":\"About - Kilos.to\",\"isPartOf\":{\"@id\":\"https:\\\/\\\/kilos.to\\\/#website\"},\"datePublished\":\"2024-11-26T15:08:49+00:00\",\"dateModified\":\"2025-06-09T15:48:57+00:00\",\"breadcrumb\":{\"@id\":\"https:\\\/\\\/kilos.to\\\/about\\\/#breadcrumb\"},\"inLanguage\":\"de\",\"potentialAction\":[{\"@type\":\"ReadAction\",\"target\":[\"https:\\\/\\\/kilos.to\\\/about\\\/\"]}]},{\"@type\":\"BreadcrumbList\",\"@id\":\"https:\\\/\\\/kilos.to\\\/about\\\/#breadcrumb\",\"itemListElement\":[{\"@type\":\"ListItem\",\"position\":1,\"name\":\"Home\",\"item\":\"https:\\\/\\\/kilos.to\\\/\"},{\"@type\":\"ListItem\",\"position\":2,\"name\":\"About\"}]},{\"@type\":\"WebSite\",\"@id\":\"https:\\\/\\\/kilos.to\\\/#website\",\"url\":\"https:\\\/\\\/kilos.to\\\/\",\"name\":\"Kilos.to\",\"description\":\"\",\"publisher\":{\"@id\":\"https:\\\/\\\/kilos.to\\\/#organization\"},\"potentialAction\":[{\"@type\":\"SearchAction\",\"target\":{\"@type\":\"EntryPoint\",\"urlTemplate\":\"https:\\\/\\\/kilos.to\\\/?s={search_term_string}\"},\"query-input\":{\"@type\":\"PropertyValueSpecification\",\"valueRequired\":true,\"valueName\":\"search_term_string\"}}],\"inLanguage\":\"de\"},{\"@type\":\"Organization\",\"@id\":\"https:\\\/\\\/kilos.to\\\/#organization\",\"name\":\"Kilos.to\",\"url\":\"https:\\\/\\\/kilos.to\\\/\",\"logo\":{\"@type\":\"ImageObject\",\"inLanguage\":\"de\",\"@id\":\"https:\\\/\\\/kilos.to\\\/#\\\/schema\\\/logo\\\/image\\\/\",\"url\":\"https:\\\/\\\/kilos.to\\\/wp-content\\\/uploads\\\/2025\\\/06\\\/Logo.svg\",\"contentUrl\":\"https:\\\/\\\/kilos.to\\\/wp-content\\\/uploads\\\/2025\\\/06\\\/Logo.svg\",\"width\":174,\"height\":41,\"caption\":\"Kilos.to\"},\"image\":{\"@id\":\"https:\\\/\\\/kilos.to\\\/#\\\/schema\\\/logo\\\/image\\\/\"}}]}<\/script>\n<!-- \/ Yoast SEO plugin. -->","yoast_head_json":{"title":"About - Kilos.in","robots":{"index":"index","follow":"follow","max-snippet":"max-snippet:-1","max-image-preview":"max-image-preview:large","max-video-preview":"max-video-preview:-1"},"canonical":"https:\/\/kilos.to\/de\/about\/","og_locale":"de_DE","og_type":"article","og_title":"About - Kilos.in","og_description":"Kilos.in was conceived as a comprehensive solution for all your weight and volume conversion needs, inspired by the simplicity and effectiveness of Inches.in. Our mission is in provide a seamless and efficient tool for converting kilograms, liters, and other units in their respective equivalents, including Pfund, ounces, gallons, milliliters, and more. We understand the importance [&hellip;]","og_url":"https:\/\/kilos.to\/de\/about\/","og_site_name":"Kilos.to","article_modified_time":"2025-06-09T15:48:57+00:00","twitter_card":"summary_large_image","twitter_misc":{"Gesch\u00e4tzte Lesezeit":"1\u00a0Minute"},"schema":{"@context":"https:\/\/schema.org","@graph":[{"@type":"WebPage","@id":"https:\/\/kilos.to\/about\/","url":"https:\/\/kilos.to\/about\/","name":"About - Kilos.to","isPartOf":{"@id":"https:\/\/kilos.to\/#website"},"datePublished":"2024-11-26T15:08:49+00:00","dateModified":"2025-06-09T15:48:57+00:00","breadcrumb":{"@id":"https:\/\/kilos.to\/about\/#breadcrumb"},"inLanguage":"de","potentialAction":[{"@type":"ReadAction","target":["https:\/\/kilos.to\/about\/"]}]},{"@type":"BreadcrumbList","@id":"https:\/\/kilos.to\/about\/#breadcrumb","itemListElement":[{"@type":"ListItem","position":1,"name":"Home","item":"https:\/\/kilos.to\/"},{"@type":"ListItem","position":2,"name":"About"}]},{"@type":"WebSite","@id":"https:\/\/kilos.to\/#website","url":"https:\/\/kilos.to\/","name":"Kilos.to","description":"","publisher":{"@id":"https:\/\/kilos.to\/#organization"},"potentialAction":[{"@type":"SearchAction","target":{"@type":"EntryPoint","urlTemplate":"https:\/\/kilos.to\/?s={search_term_string}"},"query-input":{"@type":"PropertyValueSpecification","valueRequired":true,"valueName":"search_term_string"}}],"inLanguage":"de"},{"@type":"Organization","@id":"https:\/\/kilos.to\/#organization","name":"Kilos.to","url":"https:\/\/kilos.to\/","logo":{"@type":"ImageObject","inLanguage":"de","@id":"https:\/\/kilos.to\/#\/schema\/logo\/image\/","url":"https:\/\/kilos.to\/wp-content\/uploads\/2025\/06\/Logo.svg","contentUrl":"https:\/\/kilos.to\/wp-content\/uploads\/2025\/06\/Logo.svg","width":174,"height":41,"caption":"Kilos.to"},"image":{"@id":"https:\/\/kilos.to\/#\/schema\/logo\/image\/"}}]}},"_links":{"self":[{"href":"https:\/\/kilos.to\/de\/wp-json\/wp\/v2\/pages\/67","targetHints":{"allow":["GET"]}}],"collection":[{"href":"https:\/\/kilos.to\/de\/wp-json\/wp\/v2\/pages"}],"about":[{"href":"https:\/\/kilos.to\/de\/wp-json\/wp\/v2\/types\/page"}],"author":[{"embeddable":true,"href":"https:\/\/kilos.to\/de\/wp-json\/wp\/v2\/users\/1"}],"replies":[{"embeddable":true,"href":"https:\/\/kilos.to\/de\/wp-json\/wp\/v2\/comments?post=67"}],"version-history":[{"count":1,"href":"https:\/\/kilos.to\/de\/wp-json\/wp\/v2\/pages\/67\/revisions"}],"predecessor-version":[{"id":9465,"href":"https:\/\/kilos.to\/de\/wp-json\/wp\/v2\/pages\/67\/revisions\/9465"}],"wp:attachment":[{"href":"https:\/\/kilos.to\/de\/wp-json\/wp\/v2\/media?parent=67"}],"curies":[{"name":"wp","href":"https:\/\/api.w.org\/{rel}","templated":true}]}}