{"id":38,"date":"2024-11-26T10:45:11","date_gmt":"2024-11-26T10:45:11","guid":{"rendered":"https:\/\/kilos.to\/?page_id=38"},"modified":"2026-03-20T13:19:37","modified_gmt":"2026-03-20T13:19:37","slug":"home","status":"publish","type":"page","link":"https:\/\/kilos.to\/es\/","title":{"rendered":"Inicio"},"content":{"rendered":"<div class=\"wp-block-columns is-layout-flex wp-container-core-columns-is-layout-9d6595d7 wp-block-columns-is-layout-flex\">\n<div class=\"wp-block-column is-content-justification-center is-layout-constrained wp-block-column-is-layout-constrained\">\n<p class=\"has-text-align-left has-medium-font-size\">Bienvenido a Kilos.to, tu compa\u00f1ero de conversiones todo en uno para peso y volumen. Ya sea que necesite convertir kilogramos a libras, galones a litros, o cualquier unidad intermedia, nuestra herramienta intuitiva lo tiene cubierto. Cambie sin esfuerzo entre conversiones de peso y volumen con un solo clic. Dise\u00f1ado para la precisi\u00f3n y la facilidad, Kilos.to hace que todas sus conversiones de medidas sean r\u00e1pidas, fluidas y sin complicaciones. Empieza a convertir ahora y disfruta de una precisi\u00f3n sin precedentes.<\/p>\n\n\n\n<div style=\"height:28px\" aria-hidden=\"true\" class=\"wp-block-spacer\"><\/div>\n\n\n\n<div class=\"wp-block-columns is-layout-flex wp-container-core-columns-is-layout-9d6595d7 wp-block-columns-is-layout-flex\">\n<div class=\"wp-block-column is-layout-flow wp-block-column-is-layout-flow\">\n<h4 class=\"wp-block-heading has-text-align-center\">Weight converter<\/h4>\n\n\n<div class=\"converter-box\" data-from=\"kg\" data-to=\"lbs\" data-factor=\"2.20462\"><div class=\"converter-head\">\u2696\ufe0f Conversor de peso<\/div><div class=\"converter-inner\"><div class=\"conv-row\"><div class=\"field\"><select class=\"kto-from-sel\" onchange=\"ktoUnitChange(this.closest('.converter-box'))\"><option value=\"kg\" selected='selected'>Kilogramo (kg)<\/option><option value=\"g\">Gramo (g)<\/option><option value=\"lbs\">Libra (lbs)<\/option><option value=\"oz\">Onza (oz)<\/option><option value=\"mg\">Miligramo (mg)<\/option><\/select><input type=\"number\" class=\"kto-from-inp\" value=\"1\" step=\"any\" oninput=\"ktoLive(this)\"\/><\/div><button class=\"swap-btn\" onclick=\"ktoSwap(this)\" title=\"Intercambiar\">\u21c4<\/button><div class=\"field\"><select class=\"kto-to-sel\" onchange=\"ktoUnitChange(this.closest('.converter-box'))\"><option value=\"kg\">Kilogramo (kg)<\/option><option value=\"g\">Gramo (g)<\/option><option value=\"lbs\" selected='selected'>Libra (lbs)<\/option><option value=\"oz\">Onza (oz)<\/option><option value=\"mg\">Miligramo (mg)<\/option><\/select><input type=\"number\" class=\"kto-to-inp\" value=\"2.20462\" step=\"any\"\/><\/div><\/div><button class=\"conv-btn\" onclick=\"ktoConvert(this)\">Convertir<\/button><div class=\"conv-result\" style=\"display:none\"><div class=\"conv-result-main\"><\/div><div class=\"conv-result-sub\">Factor: 1 kg = 2.20462 lbs<\/div><\/div><\/div><\/div>\n<\/div>\n\n\n\n<div class=\"wp-block-column is-layout-flow wp-block-column-is-layout-flow\">\n<h4 class=\"wp-block-heading has-text-align-center\">Volume converter<\/h4>\n\n\n<div class=\"converter-box\" data-from=\"L\" data-to=\"mL\" data-factor=\"1000\"><div class=\"converter-head\">&#129528; Volume Converter<\/div><div class=\"converter-inner\"><div class=\"conv-row\"><div class=\"field\"><select class=\"kto-from-sel\" onchange=\"ktoUnitChange(this.closest('.converter-box'))\"><option value=\"L\" selected='selected'>Litro (L)<\/option><option value=\"mL\">Milliliter (mL)<\/option><option value=\"pt\">Pint (pt)<\/option><option value=\"cup\">Cup (cup)<\/option><option value=\"tsp\">Teaspoon (tsp)<\/option><option value=\"tbsp\">Tablespoon (tbsp)<\/option><option value=\"gal\">Gallon (gal)<\/option><\/select><input type=\"number\" class=\"kto-from-inp\" value=\"1\" step=\"any\" oninput=\"ktoLive(this)\"\/><\/div><button class=\"swap-btn\" onclick=\"ktoSwap(this)\" title=\"Intercambiar\">\u21c4<\/button><div class=\"field\"><select class=\"kto-to-sel\" onchange=\"ktoUnitChange(this.closest('.converter-box'))\"><option value=\"L\">Litro (L)<\/option><option value=\"mL\" selected='selected'>Milliliter (mL)<\/option><option value=\"pt\">Pint (pt)<\/option><option value=\"cup\">Cup (cup)<\/option><option value=\"tsp\">Teaspoon (tsp)<\/option><option value=\"tbsp\">Tablespoon (tbsp)<\/option><option value=\"gal\">Gallon (gal)<\/option><\/select><input type=\"number\" class=\"kto-to-inp\" value=\"1000\" step=\"any\"\/><\/div><\/div><button class=\"conv-btn\" onclick=\"ktoConvert(this)\">Convertir<\/button><div class=\"conv-result\" style=\"display:none\"><div class=\"conv-result-main\"><\/div><div class=\"conv-result-sub\">Factor: 1 L = 1000 mL<\/div><\/div><\/div><\/div>\n<\/div>\n<\/div>\n<\/div>\n\n\n\n<div class=\"wp-block-column is-layout-flow wp-block-column-is-layout-flow\" style=\"flex-basis:3px\"><\/div>\n<\/div>\n\n\n\n<h2 class=\"wp-block-heading\" style=\"font-style:normal;font-weight:700;text-decoration:none\">Conversiones populares<\/h2>\n\n\n\n<div class=\"wp-block-columns is-layout-flex wp-container-core-columns-is-layout-27d3582e wp-block-columns-is-layout-flex\">\n<div class=\"wp-block-column has-mercury-white-background-color has-background has-medium-font-size is-layout-flow wp-block-column-is-layout-flow\">\n<p class=\"has-text-align-center\"><br><a href=\"https:\/\/kilos.to\/kg-to-lbs\/\">1 kg a libras<\/a><br><br><a href=\"https:\/\/kilos.to\/cup-to-tbsp\/\">1 taza a cucharada<\/a><br><br><a href=\"https:\/\/kilos.to\/l-to-ml\/\">1 l a ml<\/a><br><br><a href=\"https:\/\/kilos.to\/tsp-to-tbsp\/\">1 cucharadita a cucharada<\/a><br><br><a href=\"https:\/\/kilos.to\/mg-to-g\/\">1 mg a g<\/a><\/p>\n<\/div>\n\n\n\n<div class=\"wp-block-column has-mercury-white-background-color has-background has-medium-font-size is-layout-flow wp-block-column-is-layout-flow\">\n<p class=\"has-text-align-center\"><br><a href=\"https:\/\/kilos.to\/cup-to-ml\/\">1 taza a ml<\/a><br><br><a href=\"https:\/\/kilos.to\/tbsp-to-tsp\/\">1 cucharada a cucharadita<\/a><br><br><a href=\"https:\/\/kilos.to\/lbs-to-kg\/\">1 lb a kg<\/a><br><br><a href=\"https:\/\/kilos.to\/lbs-to-oz\">1 lbs a oz<\/a><br><br><a href=\"https:\/\/kilos.to\/kg-to-oz\">1 kg a oz<\/a><br><\/p>\n<\/div>\n\n\n\n<div class=\"wp-block-column has-mercury-white-background-color has-background has-medium-font-size is-layout-flow wp-block-column-is-layout-flow\">\n<p class=\"has-text-align-center\"><br><a href=\"https:\/\/kilos.to\/tsp-to-ml\/\">1 cucharadita a ml<\/a><br><br><a href=\"https:\/\/kilos.to\/tbsp-to-ml\">1 cucharada a ml<\/a><br><br><a href=\"https:\/\/kilos.to\/g-to-mg\">1 g a mg<\/a><br><br><a href=\"https:\/\/kilos.to\/ml-to-l\">1 ml a l<\/a><br><br><a href=\"https:\/\/kilos.to\/tbsp-to-cup\/\">1 cucharada a la taza<\/a><br><\/p>\n<\/div>\n<\/div>\n\n\n\n<p><\/p>\n\n\n\n<p><\/p>\n\n\n\n<p><\/p>","protected":false},"excerpt":{"rendered":"<p>Welcome to Kilos.to, your all-in-one conversion companion for weight and volume. Whether you need to convert kilograms to pounds, gallons to liters, or any unit in between, our intuitive tool has got you covered. Effortlessly switch between weight and volume conversions with just a click. Designed for accuracy and ease, Kilos.to makes all your measurement [&hellip;]<\/p>\n","protected":false},"author":1,"featured_media":0,"parent":0,"menu_order":0,"comment_status":"closed","ping_status":"closed","template":"","meta":{"footnotes":""},"class_list":["post-38","page","type-page","status-publish","hentry"],"yoast_head":"<!-- This site is optimized with the Yoast SEO plugin v27.3 - https:\/\/yoast.com\/product\/yoast-seo-wordpress\/ -->\n<title>Convert between kg, libras, ml, oz, l, g, cup, tsp and tbsp - Kilos.a<\/title>\n<meta name=\"description\" content=\"Click here a convert Kilograms a libras (kg a libras). Check out Kilos.a for seamless and hassle-free conversions of other units.\" \/>\n<meta name=\"robots\" content=\"index, follow, max-snippet:-1, max-image-preview:large, max-video-preview:-1\" \/>\n<link rel=\"canonical\" href=\"https:\/\/kilos.to\/es\/\" \/>\n<meta property=\"og:locale\" content=\"es_ES\" \/>\n<meta property=\"og:type\" content=\"article\" \/>\n<meta property=\"og:title\" content=\"Convert between kg, libras, ml, oz, l, g, cup, tsp and tbsp - Kilos.a\" \/>\n<meta property=\"og:description\" content=\"Click here a convert Kilograms a libras (kg a libras). Check out Kilos.a for seamless and hassle-free conversions of other units.\" \/>\n<meta property=\"og:url\" content=\"https:\/\/kilos.to\/es\/\" \/>\n<meta property=\"og:site_name\" content=\"Kilos.to\" \/>\n<meta property=\"article:modified_time\" content=\"2026-03-20T13:19:37+00:00\" \/>\n<meta name=\"twitter:card\" content=\"summary_large_image\" \/>\n<meta name=\"twitter:label1\" content=\"Tiempo de lectura\" \/>\n\t<meta name=\"twitter:data1\" content=\"1 minuto\" \/>\n<script type=\"application\/ld+json\" class=\"yoast-schema-graph\">{\"@context\":\"https:\\\/\\\/schema.org\",\"@graph\":[{\"@type\":\"WebPage\",\"@id\":\"https:\\\/\\\/kilos.to\\\/\",\"url\":\"https:\\\/\\\/kilos.to\\\/\",\"name\":\"Convert between kg, lbs, ml, oz, l, g, cup, tsp and tbsp - Kilos.to\",\"isPartOf\":{\"@id\":\"https:\\\/\\\/kilos.to\\\/#website\"},\"datePublished\":\"2024-11-26T10:45:11+00:00\",\"dateModified\":\"2026-03-20T13:19:37+00:00\",\"description\":\"Click here to convert Kilograms to Pounds (kg to lbs). Check out Kilos.to for seamless and hassle-free conversions of other units.\",\"breadcrumb\":{\"@id\":\"https:\\\/\\\/kilos.to\\\/#breadcrumb\"},\"inLanguage\":\"es\",\"potentialAction\":[{\"@type\":\"ReadAction\",\"target\":[\"https:\\\/\\\/kilos.to\\\/\"]}]},{\"@type\":\"BreadcrumbList\",\"@id\":\"https:\\\/\\\/kilos.to\\\/#breadcrumb\",\"itemListElement\":[{\"@type\":\"ListItem\",\"position\":1,\"name\":\"Home\",\"item\":\"https:\\\/\\\/kilos.to\\\/\"},{\"@type\":\"ListItem\",\"position\":2,\"name\":\"Home\"}]},{\"@type\":\"WebSite\",\"@id\":\"https:\\\/\\\/kilos.to\\\/#website\",\"url\":\"https:\\\/\\\/kilos.to\\\/\",\"name\":\"Kilos.to\",\"description\":\"\",\"publisher\":{\"@id\":\"https:\\\/\\\/kilos.to\\\/#organization\"},\"potentialAction\":[{\"@type\":\"SearchAction\",\"target\":{\"@type\":\"EntryPoint\",\"urlTemplate\":\"https:\\\/\\\/kilos.to\\\/?s={search_term_string}\"},\"query-input\":{\"@type\":\"PropertyValueSpecification\",\"valueRequired\":true,\"valueName\":\"search_term_string\"}}],\"inLanguage\":\"es\"},{\"@type\":\"Organization\",\"@id\":\"https:\\\/\\\/kilos.to\\\/#organization\",\"name\":\"Kilos.to\",\"url\":\"https:\\\/\\\/kilos.to\\\/\",\"logo\":{\"@type\":\"ImageObject\",\"inLanguage\":\"es\",\"@id\":\"https:\\\/\\\/kilos.to\\\/#\\\/schema\\\/logo\\\/image\\\/\",\"url\":\"https:\\\/\\\/kilos.to\\\/wp-content\\\/uploads\\\/2025\\\/06\\\/Logo.svg\",\"contentUrl\":\"https:\\\/\\\/kilos.to\\\/wp-content\\\/uploads\\\/2025\\\/06\\\/Logo.svg\",\"width\":174,\"height\":41,\"caption\":\"Kilos.to\"},\"image\":{\"@id\":\"https:\\\/\\\/kilos.to\\\/#\\\/schema\\\/logo\\\/image\\\/\"}}]}<\/script>\n<!-- \/ Yoast SEO plugin. -->","yoast_head_json":{"title":"Convertir entre kg, libras, ml, oz, l, g, taza, cucharadita y cucharada - Kilos.a","description":"Haga clic aqu\u00ed para convertir Kilogramos a libras (kg a libras). Echa un vistazo a Kilos.a para conversiones sin problemas de otras unidades.","robots":{"index":"index","follow":"follow","max-snippet":"max-snippet:-1","max-image-preview":"max-image-preview:large","max-video-preview":"max-video-preview:-1"},"canonical":"https:\/\/kilos.to\/es\/","og_locale":"es_ES","og_type":"article","og_title":"Convert between kg, libras, ml, oz, l, g, cup, tsp and tbsp - Kilos.a","og_description":"Click here a convert Kilograms a libras (kg a libras). Check out Kilos.a for seamless and hassle-free conversions of other units.","og_url":"https:\/\/kilos.to\/es\/","og_site_name":"Kilos.to","article_modified_time":"2026-03-20T13:19:37+00:00","twitter_card":"summary_large_image","twitter_misc":{"Tiempo de lectura":"1 minuto"},"schema":{"@context":"https:\/\/schema.org","@graph":[{"@type":"WebPage","@id":"https:\/\/kilos.to\/","url":"https:\/\/kilos.to\/","name":"Convierte entre kg, lb, ml, oz, l, g, tazas, cucharaditas y cucharadas - Kilos.to","isPartOf":{"@id":"https:\/\/kilos.to\/#website"},"datePublished":"2024-11-26T10:45:11+00:00","dateModified":"2026-03-20T13:19:37+00:00","description":"Haz clic aqu\u00ed para convertir kilogramos a libras (kg a lbs). Echa un vistazo a Kilos.to para realizar conversiones de otras unidades de forma sencilla y sin complicaciones.","breadcrumb":{"@id":"https:\/\/kilos.to\/#breadcrumb"},"inLanguage":"es","potentialAction":[{"@type":"ReadAction","target":["https:\/\/kilos.to\/"]}]},{"@type":"BreadcrumbList","@id":"https:\/\/kilos.to\/#breadcrumb","itemListElement":[{"@type":"ListItem","position":1,"name":"Home","item":"https:\/\/kilos.to\/"},{"@type":"ListItem","position":2,"name":"Home"}]},{"@type":"WebSite","@id":"https:\/\/kilos.to\/#website","url":"https:\/\/kilos.to\/","name":"Kilos.to","description":"","publisher":{"@id":"https:\/\/kilos.to\/#organization"},"potentialAction":[{"@type":"SearchAction","target":{"@type":"EntryPoint","urlTemplate":"https:\/\/kilos.to\/?s={search_term_string}"},"query-input":{"@type":"PropertyValueSpecification","valueRequired":true,"valueName":"search_term_string"}}],"inLanguage":"es"},{"@type":"Organization","@id":"https:\/\/kilos.to\/#organization","name":"Kilos.to","url":"https:\/\/kilos.to\/","logo":{"@type":"ImageObject","inLanguage":"es","@id":"https:\/\/kilos.to\/#\/schema\/logo\/image\/","url":"https:\/\/kilos.to\/wp-content\/uploads\/2025\/06\/Logo.svg","contentUrl":"https:\/\/kilos.to\/wp-content\/uploads\/2025\/06\/Logo.svg","width":174,"height":41,"caption":"Kilos.to"},"image":{"@id":"https:\/\/kilos.to\/#\/schema\/logo\/image\/"}}]}},"_links":{"self":[{"href":"https:\/\/kilos.to\/es\/wp-json\/wp\/v2\/pages\/38","targetHints":{"allow":["GET"]}}],"collection":[{"href":"https:\/\/kilos.to\/es\/wp-json\/wp\/v2\/pages"}],"about":[{"href":"https:\/\/kilos.to\/es\/wp-json\/wp\/v2\/types\/page"}],"author":[{"embeddable":true,"href":"https:\/\/kilos.to\/es\/wp-json\/wp\/v2\/users\/1"}],"replies":[{"embeddable":true,"href":"https:\/\/kilos.to\/es\/wp-json\/wp\/v2\/comments?post=38"}],"version-history":[{"count":5,"href":"https:\/\/kilos.to\/es\/wp-json\/wp\/v2\/pages\/38\/revisions"}],"predecessor-version":[{"id":9500,"href":"https:\/\/kilos.to\/es\/wp-json\/wp\/v2\/pages\/38\/revisions\/9500"}],"wp:attachment":[{"href":"https:\/\/kilos.to\/es\/wp-json\/wp\/v2\/media?parent=38"}],"curies":[{"name":"wp","href":"https:\/\/api.w.org\/{rel}","templated":true}]}}