{"id":67,"date":"2024-11-26T15:08:49","date_gmt":"2024-11-26T15:08:49","guid":{"rendered":"https:\/\/kilos.to\/?page_id=67"},"modified":"2025-06-09T15:48:57","modified_gmt":"2025-06-09T15:48:57","slug":"about","status":"publish","type":"page","link":"https:\/\/kilos.to\/es\/about\/","title":{"rendered":"Acerca de"},"content":{"rendered":"<p>Kilos.to se concibi\u00f3 como una soluci\u00f3n integral para todas sus necesidades de conversi\u00f3n de peso y volumen, inspirada en la sencillez y eficacia de Inches.to. Nuestra misi\u00f3n es proporcionar una herramienta eficiente y sin problemas para convertir kilogramos, litros y otras unidades a sus respectivos equivalentes, incluyendo libras, onzas, galones, mililitros y m\u00e1s.<\/p>\n\n\n\n<p>Entendemos la importancia de las medidas precisas tanto en el \u00e1mbito personal como en el profesional. Ya sea para el seguimiento de recetas, la gesti\u00f3n de mediciones cient\u00edficas o la gesti\u00f3n de tareas diarias, Kilos.to est\u00e1 aqu\u00ed para garantizar que su proceso de conversi\u00f3n sea lo m\u00e1s sencillo y preciso posible.<\/p>\n\n\n\n<p>Nuestra plataforma se ha dise\u00f1ado pensando en la facilidad de uso, para que pueda obtener los resultados que necesita con el m\u00ednimo esfuerzo. Trabajamos continuamente para mejorar nuestro servicio y garantizar que kilos.to siga siendo su fuente de referencia para todas las conversiones de peso y volumen.<\/p>\n\n\n\n<p>En agradecimiento a <a href=\"http:\/\/inches.to\" target=\"_blank\" rel=\"noreferrer noopener\">pulgadas.to<\/a> por la inspiraci\u00f3n, le invitamos a explorar tambi\u00e9n sus servicios. Juntos, nuestro objetivo es que las mediciones y conversiones sean accesibles y sencillas para todos.<\/p>\n\n\n\n<p>Gracias por elegir kilos.to para sus necesidades de conversi\u00f3n. Estamos comprometidos a proporcionarle las mejores herramientas para simplificar su vida.<\/p>","protected":false},"excerpt":{"rendered":"<p>Kilos.to was conceived as a comprehensive solution for all your weight and volume conversion needs, inspired by the simplicity and effectiveness of Inches.to. Our mission is to provide a seamless and efficient tool for converting kilograms, liters, and other units to their respective equivalents, including pounds, ounces, gallons, milliliters, and more. We understand the importance [&hellip;]<\/p>\n","protected":false},"author":1,"featured_media":0,"parent":0,"menu_order":0,"comment_status":"closed","ping_status":"closed","template":"page-full-width.php","meta":{"footnotes":""},"class_list":["post-67","page","type-page","status-publish","hentry"],"yoast_head":"<!-- This site is optimized with the Yoast SEO plugin v27.3 - https:\/\/yoast.com\/product\/yoast-seo-wordpress\/ -->\n<title>About - Kilos.a<\/title>\n<meta name=\"robots\" content=\"index, follow, max-snippet:-1, max-image-preview:large, max-video-preview:-1\" \/>\n<link rel=\"canonical\" href=\"https:\/\/kilos.to\/es\/about\/\" \/>\n<meta property=\"og:locale\" content=\"es_ES\" \/>\n<meta property=\"og:type\" content=\"article\" \/>\n<meta property=\"og:title\" content=\"About - Kilos.a\" \/>\n<meta property=\"og:description\" content=\"Kilos.a was conceived as a comprehensive solution for all your weight and volume conversion needs, inspired by the simplicity and effectiveness of Inches.a. Our mission is a provide a seamless and efficient tool for converting kilograms, liters, and other units a their respective equivalents, including libras, ounces, gallons, milliliters, and more. We understand the importance [&hellip;]\" \/>\n<meta property=\"og:url\" content=\"https:\/\/kilos.to\/es\/about\/\" \/>\n<meta property=\"og:site_name\" content=\"Kilos.to\" \/>\n<meta property=\"article:modified_time\" content=\"2025-06-09T15:48:57+00:00\" \/>\n<meta name=\"twitter:card\" content=\"summary_large_image\" \/>\n<meta name=\"twitter:label1\" content=\"Tiempo de lectura\" \/>\n\t<meta name=\"twitter:data1\" content=\"1 minuto\" \/>\n<script type=\"application\/ld+json\" class=\"yoast-schema-graph\">{\"@context\":\"https:\\\/\\\/schema.org\",\"@graph\":[{\"@type\":\"WebPage\",\"@id\":\"https:\\\/\\\/kilos.to\\\/about\\\/\",\"url\":\"https:\\\/\\\/kilos.to\\\/about\\\/\",\"name\":\"About - Kilos.to\",\"isPartOf\":{\"@id\":\"https:\\\/\\\/kilos.to\\\/#website\"},\"datePublished\":\"2024-11-26T15:08:49+00:00\",\"dateModified\":\"2025-06-09T15:48:57+00:00\",\"breadcrumb\":{\"@id\":\"https:\\\/\\\/kilos.to\\\/about\\\/#breadcrumb\"},\"inLanguage\":\"es\",\"potentialAction\":[{\"@type\":\"ReadAction\",\"target\":[\"https:\\\/\\\/kilos.to\\\/about\\\/\"]}]},{\"@type\":\"BreadcrumbList\",\"@id\":\"https:\\\/\\\/kilos.to\\\/about\\\/#breadcrumb\",\"itemListElement\":[{\"@type\":\"ListItem\",\"position\":1,\"name\":\"Home\",\"item\":\"https:\\\/\\\/kilos.to\\\/\"},{\"@type\":\"ListItem\",\"position\":2,\"name\":\"About\"}]},{\"@type\":\"WebSite\",\"@id\":\"https:\\\/\\\/kilos.to\\\/#website\",\"url\":\"https:\\\/\\\/kilos.to\\\/\",\"name\":\"Kilos.to\",\"description\":\"\",\"publisher\":{\"@id\":\"https:\\\/\\\/kilos.to\\\/#organization\"},\"potentialAction\":[{\"@type\":\"SearchAction\",\"target\":{\"@type\":\"EntryPoint\",\"urlTemplate\":\"https:\\\/\\\/kilos.to\\\/?s={search_term_string}\"},\"query-input\":{\"@type\":\"PropertyValueSpecification\",\"valueRequired\":true,\"valueName\":\"search_term_string\"}}],\"inLanguage\":\"es\"},{\"@type\":\"Organization\",\"@id\":\"https:\\\/\\\/kilos.to\\\/#organization\",\"name\":\"Kilos.to\",\"url\":\"https:\\\/\\\/kilos.to\\\/\",\"logo\":{\"@type\":\"ImageObject\",\"inLanguage\":\"es\",\"@id\":\"https:\\\/\\\/kilos.to\\\/#\\\/schema\\\/logo\\\/image\\\/\",\"url\":\"https:\\\/\\\/kilos.to\\\/wp-content\\\/uploads\\\/2025\\\/06\\\/Logo.svg\",\"contentUrl\":\"https:\\\/\\\/kilos.to\\\/wp-content\\\/uploads\\\/2025\\\/06\\\/Logo.svg\",\"width\":174,\"height\":41,\"caption\":\"Kilos.to\"},\"image\":{\"@id\":\"https:\\\/\\\/kilos.to\\\/#\\\/schema\\\/logo\\\/image\\\/\"}}]}<\/script>\n<!-- \/ Yoast SEO plugin. -->","yoast_head_json":{"title":"About - Kilos.a","robots":{"index":"index","follow":"follow","max-snippet":"max-snippet:-1","max-image-preview":"max-image-preview:large","max-video-preview":"max-video-preview:-1"},"canonical":"https:\/\/kilos.to\/es\/about\/","og_locale":"es_ES","og_type":"article","og_title":"About - Kilos.a","og_description":"Kilos.a was conceived as a comprehensive solution for all your weight and volume conversion needs, inspired by the simplicity and effectiveness of Inches.a. Our mission is a provide a seamless and efficient tool for converting kilograms, liters, and other units a their respective equivalents, including libras, ounces, gallons, milliliters, and more. We understand the importance [&hellip;]","og_url":"https:\/\/kilos.to\/es\/about\/","og_site_name":"Kilos.to","article_modified_time":"2025-06-09T15:48:57+00:00","twitter_card":"summary_large_image","twitter_misc":{"Tiempo de lectura":"1 minuto"},"schema":{"@context":"https:\/\/schema.org","@graph":[{"@type":"WebPage","@id":"https:\/\/kilos.to\/about\/","url":"https:\/\/kilos.to\/about\/","name":"About - Kilos.to","isPartOf":{"@id":"https:\/\/kilos.to\/#website"},"datePublished":"2024-11-26T15:08:49+00:00","dateModified":"2025-06-09T15:48:57+00:00","breadcrumb":{"@id":"https:\/\/kilos.to\/about\/#breadcrumb"},"inLanguage":"es","potentialAction":[{"@type":"ReadAction","target":["https:\/\/kilos.to\/about\/"]}]},{"@type":"BreadcrumbList","@id":"https:\/\/kilos.to\/about\/#breadcrumb","itemListElement":[{"@type":"ListItem","position":1,"name":"Home","item":"https:\/\/kilos.to\/"},{"@type":"ListItem","position":2,"name":"About"}]},{"@type":"WebSite","@id":"https:\/\/kilos.to\/#website","url":"https:\/\/kilos.to\/","name":"Kilos.to","description":"","publisher":{"@id":"https:\/\/kilos.to\/#organization"},"potentialAction":[{"@type":"SearchAction","target":{"@type":"EntryPoint","urlTemplate":"https:\/\/kilos.to\/?s={search_term_string}"},"query-input":{"@type":"PropertyValueSpecification","valueRequired":true,"valueName":"search_term_string"}}],"inLanguage":"es"},{"@type":"Organization","@id":"https:\/\/kilos.to\/#organization","name":"Kilos.to","url":"https:\/\/kilos.to\/","logo":{"@type":"ImageObject","inLanguage":"es","@id":"https:\/\/kilos.to\/#\/schema\/logo\/image\/","url":"https:\/\/kilos.to\/wp-content\/uploads\/2025\/06\/Logo.svg","contentUrl":"https:\/\/kilos.to\/wp-content\/uploads\/2025\/06\/Logo.svg","width":174,"height":41,"caption":"Kilos.to"},"image":{"@id":"https:\/\/kilos.to\/#\/schema\/logo\/image\/"}}]}},"_links":{"self":[{"href":"https:\/\/kilos.to\/es\/wp-json\/wp\/v2\/pages\/67","targetHints":{"allow":["GET"]}}],"collection":[{"href":"https:\/\/kilos.to\/es\/wp-json\/wp\/v2\/pages"}],"about":[{"href":"https:\/\/kilos.to\/es\/wp-json\/wp\/v2\/types\/page"}],"author":[{"embeddable":true,"href":"https:\/\/kilos.to\/es\/wp-json\/wp\/v2\/users\/1"}],"replies":[{"embeddable":true,"href":"https:\/\/kilos.to\/es\/wp-json\/wp\/v2\/comments?post=67"}],"version-history":[{"count":1,"href":"https:\/\/kilos.to\/es\/wp-json\/wp\/v2\/pages\/67\/revisions"}],"predecessor-version":[{"id":9465,"href":"https:\/\/kilos.to\/es\/wp-json\/wp\/v2\/pages\/67\/revisions\/9465"}],"wp:attachment":[{"href":"https:\/\/kilos.to\/es\/wp-json\/wp\/v2\/media?parent=67"}],"curies":[{"name":"wp","href":"https:\/\/api.w.org\/{rel}","templated":true}]}}