{"id":67,"date":"2024-11-26T15:08:49","date_gmt":"2024-11-26T15:08:49","guid":{"rendered":"https:\/\/kilos.to\/?page_id=67"},"modified":"2025-06-09T15:48:57","modified_gmt":"2025-06-09T15:48:57","slug":"about","status":"publish","type":"page","link":"https:\/\/kilos.to\/fr\/about\/","title":{"rendered":"A propos de"},"content":{"rendered":"<p>Kilos.to a \u00e9t\u00e9 con\u00e7u comme une solution compl\u00e8te pour tous vos besoins de conversion de poids et de volume, inspir\u00e9e par la simplicit\u00e9 et l'efficacit\u00e9 de Inches.to. Notre mission est de fournir un outil transparent et efficace pour convertir les kilogrammes, les litres et d'autres unit\u00e9s en leurs \u00e9quivalents respectifs, y compris les livres, les onces, les gallons, les millilitres, et plus encore.<\/p>\n\n\n\n<p>Nous comprenons l'importance de mesures pr\u00e9cises dans le cadre personnel et professionnel. Qu'il s'agisse de suivre des recettes, de g\u00e9rer des mesures scientifiques ou d'effectuer des t\u00e2ches quotidiennes, Kilos.to est l\u00e0 pour veiller \u00e0 ce que votre processus de conversion soit aussi simple et pr\u00e9cis que possible.<\/p>\n\n\n\n<p>Notre plateforme est con\u00e7ue dans un souci de convivialit\u00e9, ce qui vous permet d'obtenir les r\u00e9sultats dont vous avez besoin avec un minimum d'efforts. Nous travaillons en permanence \u00e0 l'am\u00e9lioration de notre service, afin que kilos.to reste votre source privil\u00e9gi\u00e9e pour toutes les conversions de poids et de volume.<\/p>\n\n\n\n<p>En remerciement \u00e0 <a href=\"http:\/\/inches.to\" target=\"_blank\" rel=\"noreferrer noopener\">pouces.\u00e0<\/a> pour l'inspiration, nous vous invitons \u00e0 explorer leurs services \u00e9galement. Ensemble, nous visons \u00e0 rendre les mesures et les conversions accessibles et faciles \u00e0 r\u00e9aliser pour tout le monde.<\/p>\n\n\n\n<p>Merci d'avoir choisi kilos.to pour vos besoins de conversion. Nous nous engageons \u00e0 vous fournir les meilleurs outils pour vous simplifier la vie.<\/p>","protected":false},"excerpt":{"rendered":"<p>Kilos.to was conceived as a comprehensive solution for all your weight and volume conversion needs, inspired by the simplicity and effectiveness of Inches.to. Our mission is to provide a seamless and efficient tool for converting kilograms, liters, and other units to their respective equivalents, including pounds, ounces, gallons, milliliters, and more. We understand the importance [&hellip;]<\/p>\n","protected":false},"author":1,"featured_media":0,"parent":0,"menu_order":0,"comment_status":"closed","ping_status":"closed","template":"page-full-width.php","meta":{"footnotes":""},"class_list":["post-67","page","type-page","status-publish","hentry"],"yoast_head":"<!-- This site is optimized with the Yoast SEO plugin v27.3 - https:\/\/yoast.com\/product\/yoast-seo-wordpress\/ -->\n<title>About - Kilos.en<\/title>\n<meta name=\"robots\" content=\"index, follow, max-snippet:-1, max-image-preview:large, max-video-preview:-1\" \/>\n<link rel=\"canonical\" href=\"https:\/\/kilos.to\/fr\/about\/\" \/>\n<meta property=\"og:locale\" content=\"fr_FR\" \/>\n<meta property=\"og:type\" content=\"article\" \/>\n<meta property=\"og:title\" content=\"About - Kilos.en\" \/>\n<meta property=\"og:description\" content=\"Kilos.en was conceived as a comprehensive solution for all your weight and volume conversion needs, inspired by the simplicity and effectiveness of Inches.en. Our mission is en provide a seamless and efficient tool for converting kilograms, liters, and other units en their respective equivalents, including livres, ounces, gallons, milliliters, and more. We understand the importance [&hellip;]\" \/>\n<meta property=\"og:url\" content=\"https:\/\/kilos.to\/fr\/about\/\" \/>\n<meta property=\"og:site_name\" content=\"Kilos.to\" \/>\n<meta property=\"article:modified_time\" content=\"2025-06-09T15:48:57+00:00\" \/>\n<meta name=\"twitter:card\" content=\"summary_large_image\" \/>\n<meta name=\"twitter:label1\" content=\"Dur\u00e9e de lecture estim\u00e9e\" \/>\n\t<meta name=\"twitter:data1\" content=\"1 minute\" \/>\n<script type=\"application\/ld+json\" class=\"yoast-schema-graph\">{\"@context\":\"https:\\\/\\\/schema.org\",\"@graph\":[{\"@type\":\"WebPage\",\"@id\":\"https:\\\/\\\/kilos.to\\\/about\\\/\",\"url\":\"https:\\\/\\\/kilos.to\\\/about\\\/\",\"name\":\"About - Kilos.to\",\"isPartOf\":{\"@id\":\"https:\\\/\\\/kilos.to\\\/#website\"},\"datePublished\":\"2024-11-26T15:08:49+00:00\",\"dateModified\":\"2025-06-09T15:48:57+00:00\",\"breadcrumb\":{\"@id\":\"https:\\\/\\\/kilos.to\\\/about\\\/#breadcrumb\"},\"inLanguage\":\"fr-FR\",\"potentialAction\":[{\"@type\":\"ReadAction\",\"target\":[\"https:\\\/\\\/kilos.to\\\/about\\\/\"]}]},{\"@type\":\"BreadcrumbList\",\"@id\":\"https:\\\/\\\/kilos.to\\\/about\\\/#breadcrumb\",\"itemListElement\":[{\"@type\":\"ListItem\",\"position\":1,\"name\":\"Home\",\"item\":\"https:\\\/\\\/kilos.to\\\/\"},{\"@type\":\"ListItem\",\"position\":2,\"name\":\"About\"}]},{\"@type\":\"WebSite\",\"@id\":\"https:\\\/\\\/kilos.to\\\/#website\",\"url\":\"https:\\\/\\\/kilos.to\\\/\",\"name\":\"Kilos.to\",\"description\":\"\",\"publisher\":{\"@id\":\"https:\\\/\\\/kilos.to\\\/#organization\"},\"potentialAction\":[{\"@type\":\"SearchAction\",\"target\":{\"@type\":\"EntryPoint\",\"urlTemplate\":\"https:\\\/\\\/kilos.to\\\/?s={search_term_string}\"},\"query-input\":{\"@type\":\"PropertyValueSpecification\",\"valueRequired\":true,\"valueName\":\"search_term_string\"}}],\"inLanguage\":\"fr-FR\"},{\"@type\":\"Organization\",\"@id\":\"https:\\\/\\\/kilos.to\\\/#organization\",\"name\":\"Kilos.to\",\"url\":\"https:\\\/\\\/kilos.to\\\/\",\"logo\":{\"@type\":\"ImageObject\",\"inLanguage\":\"fr-FR\",\"@id\":\"https:\\\/\\\/kilos.to\\\/#\\\/schema\\\/logo\\\/image\\\/\",\"url\":\"https:\\\/\\\/kilos.to\\\/wp-content\\\/uploads\\\/2025\\\/06\\\/Logo.svg\",\"contentUrl\":\"https:\\\/\\\/kilos.to\\\/wp-content\\\/uploads\\\/2025\\\/06\\\/Logo.svg\",\"width\":174,\"height\":41,\"caption\":\"Kilos.to\"},\"image\":{\"@id\":\"https:\\\/\\\/kilos.to\\\/#\\\/schema\\\/logo\\\/image\\\/\"}}]}<\/script>\n<!-- \/ Yoast SEO plugin. -->","yoast_head_json":{"title":"About - Kilos.en","robots":{"index":"index","follow":"follow","max-snippet":"max-snippet:-1","max-image-preview":"max-image-preview:large","max-video-preview":"max-video-preview:-1"},"canonical":"https:\/\/kilos.to\/fr\/about\/","og_locale":"fr_FR","og_type":"article","og_title":"About - Kilos.en","og_description":"Kilos.en was conceived as a comprehensive solution for all your weight and volume conversion needs, inspired by the simplicity and effectiveness of Inches.en. Our mission is en provide a seamless and efficient tool for converting kilograms, liters, and other units en their respective equivalents, including livres, ounces, gallons, milliliters, and more. We understand the importance [&hellip;]","og_url":"https:\/\/kilos.to\/fr\/about\/","og_site_name":"Kilos.to","article_modified_time":"2025-06-09T15:48:57+00:00","twitter_card":"summary_large_image","twitter_misc":{"Dur\u00e9e de lecture estim\u00e9e":"1 minute"},"schema":{"@context":"https:\/\/schema.org","@graph":[{"@type":"WebPage","@id":"https:\/\/kilos.to\/about\/","url":"https:\/\/kilos.to\/about\/","name":"About - Kilos.to","isPartOf":{"@id":"https:\/\/kilos.to\/#website"},"datePublished":"2024-11-26T15:08:49+00:00","dateModified":"2025-06-09T15:48:57+00:00","breadcrumb":{"@id":"https:\/\/kilos.to\/about\/#breadcrumb"},"inLanguage":"fr-FR","potentialAction":[{"@type":"ReadAction","target":["https:\/\/kilos.to\/about\/"]}]},{"@type":"BreadcrumbList","@id":"https:\/\/kilos.to\/about\/#breadcrumb","itemListElement":[{"@type":"ListItem","position":1,"name":"Home","item":"https:\/\/kilos.to\/"},{"@type":"ListItem","position":2,"name":"About"}]},{"@type":"WebSite","@id":"https:\/\/kilos.to\/#website","url":"https:\/\/kilos.to\/","name":"Kilos.to","description":"","publisher":{"@id":"https:\/\/kilos.to\/#organization"},"potentialAction":[{"@type":"SearchAction","target":{"@type":"EntryPoint","urlTemplate":"https:\/\/kilos.to\/?s={search_term_string}"},"query-input":{"@type":"PropertyValueSpecification","valueRequired":true,"valueName":"search_term_string"}}],"inLanguage":"fr-FR"},{"@type":"Organization","@id":"https:\/\/kilos.to\/#organization","name":"Kilos.to","url":"https:\/\/kilos.to\/","logo":{"@type":"ImageObject","inLanguage":"fr-FR","@id":"https:\/\/kilos.to\/#\/schema\/logo\/image\/","url":"https:\/\/kilos.to\/wp-content\/uploads\/2025\/06\/Logo.svg","contentUrl":"https:\/\/kilos.to\/wp-content\/uploads\/2025\/06\/Logo.svg","width":174,"height":41,"caption":"Kilos.to"},"image":{"@id":"https:\/\/kilos.to\/#\/schema\/logo\/image\/"}}]}},"_links":{"self":[{"href":"https:\/\/kilos.to\/fr\/wp-json\/wp\/v2\/pages\/67","targetHints":{"allow":["GET"]}}],"collection":[{"href":"https:\/\/kilos.to\/fr\/wp-json\/wp\/v2\/pages"}],"about":[{"href":"https:\/\/kilos.to\/fr\/wp-json\/wp\/v2\/types\/page"}],"author":[{"embeddable":true,"href":"https:\/\/kilos.to\/fr\/wp-json\/wp\/v2\/users\/1"}],"replies":[{"embeddable":true,"href":"https:\/\/kilos.to\/fr\/wp-json\/wp\/v2\/comments?post=67"}],"version-history":[{"count":1,"href":"https:\/\/kilos.to\/fr\/wp-json\/wp\/v2\/pages\/67\/revisions"}],"predecessor-version":[{"id":9465,"href":"https:\/\/kilos.to\/fr\/wp-json\/wp\/v2\/pages\/67\/revisions\/9465"}],"wp:attachment":[{"href":"https:\/\/kilos.to\/fr\/wp-json\/wp\/v2\/media?parent=67"}],"curies":[{"name":"wp","href":"https:\/\/api.w.org\/{rel}","templated":true}]}}