{"id":67,"date":"2024-11-26T15:08:49","date_gmt":"2024-11-26T15:08:49","guid":{"rendered":"https:\/\/kilos.to\/?page_id=67"},"modified":"2025-06-09T15:48:57","modified_gmt":"2025-06-09T15:48:57","slug":"about","status":"publish","type":"page","link":"https:\/\/kilos.to\/it\/about\/","title":{"rendered":"Circa"},"content":{"rendered":"<p>Kilos.to \u00e8 stato concepito come una soluzione completa per tutte le esigenze di conversione di peso e volume, ispirata alla semplicit\u00e0 e all'efficacia di Inches.to. La nostra missione \u00e8 quella di fornire uno strumento efficiente e senza soluzione di continuit\u00e0 per convertire chilogrammi, litri e altre unit\u00e0 di misura nei rispettivi equivalenti, tra cui libbre, once, galloni, millilitri e altro ancora.<\/p>\n\n\n\n<p>Siamo consapevoli dell'importanza di misurazioni precise sia in ambito personale che professionale. Che si tratti di tracciare ricette, gestire misurazioni scientifiche o gestire attivit\u00e0 quotidiane, Kilos.to \u00e8 qui per garantire che il processo di conversione sia il pi\u00f9 semplice e accurato possibile.<\/p>\n\n\n\n<p>La nostra piattaforma \u00e8 stata progettata pensando alla facilit\u00e0 d'uso, per consentirvi di ottenere i risultati desiderati con il minimo sforzo. Lavoriamo continuamente per migliorare il nostro servizio, assicurando che kilos.to rimanga la vostra fonte di riferimento per tutte le conversioni di peso e volume.<\/p>\n\n\n\n<p>In segno di gratitudine a <a href=\"http:\/\/inches.to\" target=\"_blank\" rel=\"noreferrer noopener\">pollici.to<\/a> per l'ispirazione, vi invitiamo a esplorare anche i loro servizi. Insieme, ci proponiamo di rendere le misure e le conversioni accessibili e senza problemi per tutti.<\/p>\n\n\n\n<p>Grazie per aver scelto kilos.to per le vostre esigenze di conversione. Ci impegniamo a fornirvi gli strumenti migliori per semplificarvi la vita.<\/p>","protected":false},"excerpt":{"rendered":"<p>Kilos.to was conceived as a comprehensive solution for all your weight and volume conversion needs, inspired by the simplicity and effectiveness of Inches.to. Our mission is to provide a seamless and efficient tool for converting kilograms, liters, and other units to their respective equivalents, including pounds, ounces, gallons, milliliters, and more. We understand the importance [&hellip;]<\/p>\n","protected":false},"author":1,"featured_media":0,"parent":0,"menu_order":0,"comment_status":"closed","ping_status":"closed","template":"page-full-width.php","meta":{"footnotes":""},"class_list":["post-67","page","type-page","status-publish","hentry"],"yoast_head":"<!-- This site is optimized with the Yoast SEO plugin v27.3 - https:\/\/yoast.com\/product\/yoast-seo-wordpress\/ -->\n<title>About - Kilos.in<\/title>\n<meta name=\"robots\" content=\"index, follow, max-snippet:-1, max-image-preview:large, max-video-preview:-1\" \/>\n<link rel=\"canonical\" href=\"https:\/\/kilos.to\/it\/about\/\" \/>\n<meta property=\"og:locale\" content=\"it_IT\" \/>\n<meta property=\"og:type\" content=\"article\" \/>\n<meta property=\"og:title\" content=\"About - Kilos.in\" \/>\n<meta property=\"og:description\" content=\"Kilos.in was conceived as in comprehensive solution for all your weight and volume conversion needs, inspired by the simplicity and effectiveness of Inches.in. Our mission is in provide in seamless and efficient tool for converting kilograms, liters, and other units in their respective equivalents, including libbre, ounces, gallons, milliliters, and more. We understand the importance [&hellip;]\" \/>\n<meta property=\"og:url\" content=\"https:\/\/kilos.to\/it\/about\/\" \/>\n<meta property=\"og:site_name\" content=\"Kilos.to\" \/>\n<meta property=\"article:modified_time\" content=\"2025-06-09T15:48:57+00:00\" \/>\n<meta name=\"twitter:card\" content=\"summary_large_image\" \/>\n<meta name=\"twitter:label1\" content=\"Tempo di lettura stimato\" \/>\n\t<meta name=\"twitter:data1\" content=\"1 minuto\" \/>\n<script type=\"application\/ld+json\" class=\"yoast-schema-graph\">{\"@context\":\"https:\\\/\\\/schema.org\",\"@graph\":[{\"@type\":\"WebPage\",\"@id\":\"https:\\\/\\\/kilos.to\\\/about\\\/\",\"url\":\"https:\\\/\\\/kilos.to\\\/about\\\/\",\"name\":\"About - Kilos.to\",\"isPartOf\":{\"@id\":\"https:\\\/\\\/kilos.to\\\/#website\"},\"datePublished\":\"2024-11-26T15:08:49+00:00\",\"dateModified\":\"2025-06-09T15:48:57+00:00\",\"breadcrumb\":{\"@id\":\"https:\\\/\\\/kilos.to\\\/about\\\/#breadcrumb\"},\"inLanguage\":\"it-IT\",\"potentialAction\":[{\"@type\":\"ReadAction\",\"target\":[\"https:\\\/\\\/kilos.to\\\/about\\\/\"]}]},{\"@type\":\"BreadcrumbList\",\"@id\":\"https:\\\/\\\/kilos.to\\\/about\\\/#breadcrumb\",\"itemListElement\":[{\"@type\":\"ListItem\",\"position\":1,\"name\":\"Home\",\"item\":\"https:\\\/\\\/kilos.to\\\/\"},{\"@type\":\"ListItem\",\"position\":2,\"name\":\"About\"}]},{\"@type\":\"WebSite\",\"@id\":\"https:\\\/\\\/kilos.to\\\/#website\",\"url\":\"https:\\\/\\\/kilos.to\\\/\",\"name\":\"Kilos.to\",\"description\":\"\",\"publisher\":{\"@id\":\"https:\\\/\\\/kilos.to\\\/#organization\"},\"potentialAction\":[{\"@type\":\"SearchAction\",\"target\":{\"@type\":\"EntryPoint\",\"urlTemplate\":\"https:\\\/\\\/kilos.to\\\/?s={search_term_string}\"},\"query-input\":{\"@type\":\"PropertyValueSpecification\",\"valueRequired\":true,\"valueName\":\"search_term_string\"}}],\"inLanguage\":\"it-IT\"},{\"@type\":\"Organization\",\"@id\":\"https:\\\/\\\/kilos.to\\\/#organization\",\"name\":\"Kilos.to\",\"url\":\"https:\\\/\\\/kilos.to\\\/\",\"logo\":{\"@type\":\"ImageObject\",\"inLanguage\":\"it-IT\",\"@id\":\"https:\\\/\\\/kilos.to\\\/#\\\/schema\\\/logo\\\/image\\\/\",\"url\":\"https:\\\/\\\/kilos.to\\\/wp-content\\\/uploads\\\/2025\\\/06\\\/Logo.svg\",\"contentUrl\":\"https:\\\/\\\/kilos.to\\\/wp-content\\\/uploads\\\/2025\\\/06\\\/Logo.svg\",\"width\":174,\"height\":41,\"caption\":\"Kilos.to\"},\"image\":{\"@id\":\"https:\\\/\\\/kilos.to\\\/#\\\/schema\\\/logo\\\/image\\\/\"}}]}<\/script>\n<!-- \/ Yoast SEO plugin. -->","yoast_head_json":{"title":"About - Kilos.in","robots":{"index":"index","follow":"follow","max-snippet":"max-snippet:-1","max-image-preview":"max-image-preview:large","max-video-preview":"max-video-preview:-1"},"canonical":"https:\/\/kilos.to\/it\/about\/","og_locale":"it_IT","og_type":"article","og_title":"About - Kilos.in","og_description":"Kilos.in was conceived as in comprehensive solution for all your weight and volume conversion needs, inspired by the simplicity and effectiveness of Inches.in. Our mission is in provide in seamless and efficient tool for converting kilograms, liters, and other units in their respective equivalents, including libbre, ounces, gallons, milliliters, and more. We understand the importance [&hellip;]","og_url":"https:\/\/kilos.to\/it\/about\/","og_site_name":"Kilos.to","article_modified_time":"2025-06-09T15:48:57+00:00","twitter_card":"summary_large_image","twitter_misc":{"Tempo di lettura stimato":"1 minuto"},"schema":{"@context":"https:\/\/schema.org","@graph":[{"@type":"WebPage","@id":"https:\/\/kilos.to\/about\/","url":"https:\/\/kilos.to\/about\/","name":"About - Kilos.to","isPartOf":{"@id":"https:\/\/kilos.to\/#website"},"datePublished":"2024-11-26T15:08:49+00:00","dateModified":"2025-06-09T15:48:57+00:00","breadcrumb":{"@id":"https:\/\/kilos.to\/about\/#breadcrumb"},"inLanguage":"it-IT","potentialAction":[{"@type":"ReadAction","target":["https:\/\/kilos.to\/about\/"]}]},{"@type":"BreadcrumbList","@id":"https:\/\/kilos.to\/about\/#breadcrumb","itemListElement":[{"@type":"ListItem","position":1,"name":"Home","item":"https:\/\/kilos.to\/"},{"@type":"ListItem","position":2,"name":"About"}]},{"@type":"WebSite","@id":"https:\/\/kilos.to\/#website","url":"https:\/\/kilos.to\/","name":"Kilos.to","description":"","publisher":{"@id":"https:\/\/kilos.to\/#organization"},"potentialAction":[{"@type":"SearchAction","target":{"@type":"EntryPoint","urlTemplate":"https:\/\/kilos.to\/?s={search_term_string}"},"query-input":{"@type":"PropertyValueSpecification","valueRequired":true,"valueName":"search_term_string"}}],"inLanguage":"it-IT"},{"@type":"Organization","@id":"https:\/\/kilos.to\/#organization","name":"Kilos.to","url":"https:\/\/kilos.to\/","logo":{"@type":"ImageObject","inLanguage":"it-IT","@id":"https:\/\/kilos.to\/#\/schema\/logo\/image\/","url":"https:\/\/kilos.to\/wp-content\/uploads\/2025\/06\/Logo.svg","contentUrl":"https:\/\/kilos.to\/wp-content\/uploads\/2025\/06\/Logo.svg","width":174,"height":41,"caption":"Kilos.to"},"image":{"@id":"https:\/\/kilos.to\/#\/schema\/logo\/image\/"}}]}},"_links":{"self":[{"href":"https:\/\/kilos.to\/it\/wp-json\/wp\/v2\/pages\/67","targetHints":{"allow":["GET"]}}],"collection":[{"href":"https:\/\/kilos.to\/it\/wp-json\/wp\/v2\/pages"}],"about":[{"href":"https:\/\/kilos.to\/it\/wp-json\/wp\/v2\/types\/page"}],"author":[{"embeddable":true,"href":"https:\/\/kilos.to\/it\/wp-json\/wp\/v2\/users\/1"}],"replies":[{"embeddable":true,"href":"https:\/\/kilos.to\/it\/wp-json\/wp\/v2\/comments?post=67"}],"version-history":[{"count":1,"href":"https:\/\/kilos.to\/it\/wp-json\/wp\/v2\/pages\/67\/revisions"}],"predecessor-version":[{"id":9465,"href":"https:\/\/kilos.to\/it\/wp-json\/wp\/v2\/pages\/67\/revisions\/9465"}],"wp:attachment":[{"href":"https:\/\/kilos.to\/it\/wp-json\/wp\/v2\/media?parent=67"}],"curies":[{"name":"wp","href":"https:\/\/api.w.org\/{rel}","templated":true}]}}